{"id":835,"date":"2015-10-05T11:09:45","date_gmt":"2015-10-05T09:09:45","guid":{"rendered":"https:\/\/www.ing3.at\/?page_id=835"},"modified":"2015-10-07T16:35:07","modified_gmt":"2015-10-07T14:35:07","slug":"organisationsberatung","status":"publish","type":"page","link":"https:\/\/www.ing3.at\/?page_id=835","title":{"rendered":"Organisationsberatung"},"content":{"rendered":"<div class=\"vc_row wpb_row vc_row-fluid\" ><div class=\"wpb_column vc_column_container vc_col-sm-12\"><div class=\"wpb_wrapper\"><div class=\"vc_row wpb_row vc_inner vc_row-fluid\"><div class=\"wpb_column vc_column_container vc_col-sm-8 wow fadeInLeft\" data-wow-delay=\"0.5s\"><div class=\"wpb_wrapper\"><h2 style=\"font-size: 25px;color: #e24200;text-align: left;font-family:Montserrat;font-weight:700;font-style:normal\" class=\"vc_custom_heading\">Mentoring<\/h2>\n\t<div class=\"wpb_text_column wpb_content_element \">\n\t\t<div class=\"wpb_wrapper\">\n\t\t\t<p>Dank unserer vorangegangenen Erfahrungen in Klein-, Mittel- und Gro\u00dfbetrieben und der langj\u00e4hrigen T\u00e4tigkeit als selbst\u00e4ndige Unternehmer k\u00f6nnen wir relativ schnell helfend eingreifen. Unser, \u00fcber die Jahre mitgewachsenes, Netzwerk an Spezialisten erweitert die Unterst\u00fctzungsm\u00f6glichkeiten. Wir sehen uns nicht als Unternehmensberater im klassischen Sinn, sondern als Gespr\u00e4chspartner mit \u00e4hnlichen Interessen und langj\u00e4hrigen Erfahrungen.<\/p>\n\n\t\t<\/div>\n\t<\/div>\n<\/div><\/div><div class=\"wpb_column vc_column_container vc_col-sm-4 wow fadeInRight\" data-wow-delay=\"1s\"><div class=\"wpb_wrapper\">\n\t<div class=\"wpb_single_image wpb_content_element vc_align_left\">\n\t\t<div class=\"wpb_wrapper\">\n\t\t\t\n\t\t\t<div class=\"vc_single_image-wrapper   vc_box_border_grey\"><img loading=\"lazy\" decoding=\"async\" width=\"135\" height=\"218\" src=\"https:\/\/www.ing3.at\/wp-content\/uploads\/Organisationsberatung.png\" class=\"vc_single_image-img attachment-full\" alt=\"\" \/><\/div>\n\t\t<\/div>\n\t<\/div>\n<\/div><\/div><\/div><\/div><\/div><\/div>\n","protected":false},"excerpt":{"rendered":"Mentoring Dank unserer vorangegangenen Erfahrungen in Klein-, Mittel- und Gro\u00dfbetrieben und der langj\u00e4hrigen T\u00e4tigkeit als selbst\u00e4ndige Unternehmer k\u00f6nnen wir relativ schnell helfend eingreifen. Unser, \u00fcber...<p class=\"readmore\"><a class=\"more-btn\" href=\"https:\/\/www.ing3.at\/?page_id=835\">Read More<\/a><\/p>","protected":false},"author":1,"featured_media":0,"parent":0,"menu_order":0,"comment_status":"closed","ping_status":"closed","template":"","meta":{"footnotes":""},"_links":{"self":[{"href":"https:\/\/www.ing3.at\/index.php?rest_route=\/wp\/v2\/pages\/835"}],"collection":[{"href":"https:\/\/www.ing3.at\/index.php?rest_route=\/wp\/v2\/pages"}],"about":[{"href":"https:\/\/www.ing3.at\/index.php?rest_route=\/wp\/v2\/types\/page"}],"author":[{"embeddable":true,"href":"https:\/\/www.ing3.at\/index.php?rest_route=\/wp\/v2\/users\/1"}],"replies":[{"embeddable":true,"href":"https:\/\/www.ing3.at\/index.php?rest_route=%2Fwp%2Fv2%2Fcomments&post=835"}],"version-history":[{"count":6,"href":"https:\/\/www.ing3.at\/index.php?rest_route=\/wp\/v2\/pages\/835\/revisions"}],"predecessor-version":[{"id":873,"href":"https:\/\/www.ing3.at\/index.php?rest_route=\/wp\/v2\/pages\/835\/revisions\/873"}],"wp:attachment":[{"href":"https:\/\/www.ing3.at\/index.php?rest_route=%2Fwp%2Fv2%2Fmedia&parent=835"}],"curies":[{"name":"wp","href":"https:\/\/api.w.org\/{rel}","templated":true}]}}