{"id":833,"date":"2015-10-05T11:05:32","date_gmt":"2015-10-05T09:05:32","guid":{"rendered":"https:\/\/www.ing3.at\/?page_id=833"},"modified":"2016-12-21T14:58:16","modified_gmt":"2016-12-21T13:58:16","slug":"produktion-und-handel","status":"publish","type":"page","link":"https:\/\/www.ing3.at\/?page_id=833","title":{"rendered":"Produktion &#038; Handel"},"content":{"rendered":"<div class=\"vc_row wpb_row vc_row-fluid\" ><div class=\"wpb_column vc_column_container vc_col-sm-12\"><div class=\"wpb_wrapper\"><div class=\"vc_row wpb_row vc_inner vc_row-fluid\"><div class=\"wpb_column vc_column_container vc_col-sm-8 wow fadeInLeft\" data-wow-delay=\"0.5s\"><div class=\"wpb_wrapper\"><h2 style=\"font-size: 25px;color: #e24200;text-align: left;font-family:Montserrat;font-weight:700;font-style:normal\" class=\"vc_custom_heading\">Umsetzen<\/h2>\n\t<div class=\"wpb_text_column wpb_content_element \">\n\t\t<div class=\"wpb_wrapper\">\n\t\t\t<p>Aktuell besch\u00e4ftigen wir uns daher auch intensiv mit der eigenen Entwicklung, Produktion und dem l\u00e4nder\u00fcbergreifenden Vertrieb eines zukunftsweisenden Produktes in der Telekom-Infrastruktur. Es handelt sich dabei um ein Installationssystem f\u00fcr den stark wachsenden Fiberoptic-Breitbandbereich. Diese Innovation wird zugleich wesentlich verbesserte Montagebedingungen, wie auch insgesamt deutlich geringere Gesamtkosten erm\u00f6glichen.<\/p>\n<p><a href=\"http:\/\/www.denetcom.com\" target=\"_blank\">www.denetcom.com<\/a><\/p>\n\n\t\t<\/div>\n\t<\/div>\n<\/div><\/div><div class=\"wpb_column vc_column_container vc_col-sm-4 wow fadeInRight\" data-wow-delay=\"1s\"><div class=\"wpb_wrapper\">\n\t<div class=\"wpb_single_image wpb_content_element vc_align_left\">\n\t\t<div class=\"wpb_wrapper\">\n\t\t\t\n\t\t\t<div class=\"vc_single_image-wrapper   vc_box_border_grey\"><img loading=\"lazy\" decoding=\"async\" width=\"209\" height=\"184\" src=\"https:\/\/www.ing3.at\/wp-content\/uploads\/Produktion_Handel.png\" class=\"vc_single_image-img attachment-full\" alt=\"\" \/><\/div>\n\t\t<\/div>\n\t<\/div>\n<\/div><\/div><\/div><\/div><\/div><\/div>\n","protected":false},"excerpt":{"rendered":"Umsetzen Aktuell besch\u00e4ftigen wir uns daher auch intensiv mit der eigenen Entwicklung, Produktion und dem l\u00e4nder\u00fcbergreifenden Vertrieb eines zukunftsweisenden Produktes in der Telekom-Infrastruktur. Es handelt...<p class=\"readmore\"><a class=\"more-btn\" href=\"https:\/\/www.ing3.at\/?page_id=833\">Read More<\/a><\/p>","protected":false},"author":1,"featured_media":0,"parent":0,"menu_order":0,"comment_status":"closed","ping_status":"closed","template":"","meta":{"footnotes":""},"_links":{"self":[{"href":"https:\/\/www.ing3.at\/index.php?rest_route=\/wp\/v2\/pages\/833"}],"collection":[{"href":"https:\/\/www.ing3.at\/index.php?rest_route=\/wp\/v2\/pages"}],"about":[{"href":"https:\/\/www.ing3.at\/index.php?rest_route=\/wp\/v2\/types\/page"}],"author":[{"embeddable":true,"href":"https:\/\/www.ing3.at\/index.php?rest_route=\/wp\/v2\/users\/1"}],"replies":[{"embeddable":true,"href":"https:\/\/www.ing3.at\/index.php?rest_route=%2Fwp%2Fv2%2Fcomments&post=833"}],"version-history":[{"count":11,"href":"https:\/\/www.ing3.at\/index.php?rest_route=\/wp\/v2\/pages\/833\/revisions"}],"predecessor-version":[{"id":1007,"href":"https:\/\/www.ing3.at\/index.php?rest_route=\/wp\/v2\/pages\/833\/revisions\/1007"}],"wp:attachment":[{"href":"https:\/\/www.ing3.at\/index.php?rest_route=%2Fwp%2Fv2%2Fmedia&parent=833"}],"curies":[{"name":"wp","href":"https:\/\/api.w.org\/{rel}","templated":true}]}}