{"id":825,"date":"2015-10-05T10:40:46","date_gmt":"2015-10-05T08:40:46","guid":{"rendered":"https:\/\/www.ing3.at\/?page_id=825"},"modified":"2015-10-07T15:47:31","modified_gmt":"2015-10-07T13:47:31","slug":"beteiligung","status":"publish","type":"page","link":"https:\/\/www.ing3.at\/?page_id=825","title":{"rendered":"Beteiligungen"},"content":{"rendered":"<div class=\"vc_row wpb_row vc_row-fluid\" ><div class=\"wpb_column vc_column_container vc_col-sm-12\"><div class=\"wpb_wrapper\"><div class=\"vc_row wpb_row vc_inner vc_row-fluid\"><div class=\"wpb_column vc_column_container vc_col-sm-8 wow fadeInLeft\" data-wow-delay=\"0.5s\"><div class=\"wpb_wrapper\"><h2 style=\"font-size: 25px;color: #e24200;text-align: left;font-family:Montserrat;font-weight:700;font-style:normal\" class=\"vc_custom_heading\">Realismus statt Phantasterei<\/h2>\n\t<div class=\"wpb_text_column wpb_content_element \">\n\t\t<div class=\"wpb_wrapper\">\n\t\t\t<p>Entscheidend ist, ob wir M\u00f6glichkeiten sehen, einen positiven Beitrag zu leisten um das jeweilige Unternehmen ein St\u00fcck weiter zu bringen. Daf\u00fcr haben wir bereits in anderen Konstellationen jahrelange Erfahrungen gesammelt, aber auch\u00a0 in der noch jungen ING3 sind die ersten Weichen gestellt. Wir sind jedenfalls an wirtschaftlich aussichtsreichen &#8211; eher realistischen, als phantastischen &#8211; und partnerschaftlich gepr\u00e4gten Projekten (Es gibt nicht nur den Shareholder Value!) interessiert.<\/p>\n\n\t\t<\/div>\n\t<\/div>\n<\/div><\/div><div class=\"wpb_column vc_column_container vc_col-sm-4 wow fadeInRight\" data-wow-delay=\"1s\"><div class=\"wpb_wrapper\">\n\t<div class=\"wpb_single_image wpb_content_element vc_align_left\">\n\t\t<div class=\"wpb_wrapper\">\n\t\t\t\n\t\t\t<div class=\"vc_single_image-wrapper   vc_box_border_grey\"><img loading=\"lazy\" decoding=\"async\" width=\"204\" height=\"157\" src=\"https:\/\/www.ing3.at\/wp-content\/uploads\/Beteiligung.png\" class=\"vc_single_image-img attachment-full\" alt=\"\" \/><\/div>\n\t\t<\/div>\n\t<\/div>\n<\/div><\/div><\/div><\/div><\/div><\/div>\n","protected":false},"excerpt":{"rendered":"Realismus statt Phantasterei Entscheidend ist, ob wir M\u00f6glichkeiten sehen, einen positiven Beitrag zu leisten um das jeweilige Unternehmen ein St\u00fcck weiter zu bringen. Daf\u00fcr haben...<p class=\"readmore\"><a class=\"more-btn\" href=\"https:\/\/www.ing3.at\/?page_id=825\">Read More<\/a><\/p>","protected":false},"author":1,"featured_media":0,"parent":0,"menu_order":0,"comment_status":"closed","ping_status":"closed","template":"","meta":{"footnotes":""},"_links":{"self":[{"href":"https:\/\/www.ing3.at\/index.php?rest_route=\/wp\/v2\/pages\/825"}],"collection":[{"href":"https:\/\/www.ing3.at\/index.php?rest_route=\/wp\/v2\/pages"}],"about":[{"href":"https:\/\/www.ing3.at\/index.php?rest_route=\/wp\/v2\/types\/page"}],"author":[{"embeddable":true,"href":"https:\/\/www.ing3.at\/index.php?rest_route=\/wp\/v2\/users\/1"}],"replies":[{"embeddable":true,"href":"https:\/\/www.ing3.at\/index.php?rest_route=%2Fwp%2Fv2%2Fcomments&post=825"}],"version-history":[{"count":10,"href":"https:\/\/www.ing3.at\/index.php?rest_route=\/wp\/v2\/pages\/825\/revisions"}],"predecessor-version":[{"id":861,"href":"https:\/\/www.ing3.at\/index.php?rest_route=\/wp\/v2\/pages\/825\/revisions\/861"}],"wp:attachment":[{"href":"https:\/\/www.ing3.at\/index.php?rest_route=%2Fwp%2Fv2%2Fmedia&parent=825"}],"curies":[{"name":"wp","href":"https:\/\/api.w.org\/{rel}","templated":true}]}}