{"id":82,"date":"2014-03-06T13:59:56","date_gmt":"2014-03-06T13:59:56","guid":{"rendered":"http:\/\/demo.deliciousthemes.com\/patti\/?page_id=82"},"modified":"2018-08-09T11:25:02","modified_gmt":"2018-08-09T09:25:02","slug":"homepage","status":"publish","type":"page","link":"https:\/\/www.ing3.at\/","title":{"rendered":"Homepage"},"content":{"rendered":"<div id=\"about\" class=\"vc_row wpb_row vc_row-fluid no-margin vc_custom_1443187747056\" ><div class=\"wpb_column vc_column_container vc_col-sm-12\"><div class=\"wpb_wrapper\"><div class=\"vc_row wpb_row vc_inner vc_row-fluid\"><div class=\"wpb_column vc_column_container vc_col-sm-8\" ><div class=\"wpb_wrapper\"><h2 style=\"font-size: 60px;color: #1c1c1b;text-align: left;font-family:Montserrat;font-weight:700;font-style:normal\" class=\"vc_custom_heading\">Bewerten<\/h2><h2 style=\"font-size: 60px;color: #1c1c1b;text-align: left;font-family:Montserrat;font-weight:700;font-style:normal\" class=\"vc_custom_heading\">Beraten<\/h2><h2 style=\"font-size: 60px;color: #1c1c1b;text-align: left;font-family:Montserrat;font-weight:700;font-style:normal\" class=\"vc_custom_heading\">Begleiten<\/h2><div style=\"clear:both; width:100%; height:40px\"><\/div><h3 style=\"font-size: 30px;color: #ffffff;text-align: left;font-family:Montserrat;font-weight:400;font-style:normal\" class=\"vc_custom_heading\">Wir investieren in Unternehmerinnen<br \/>\nund Unternehmer an die wir glauben.<\/h3><\/div><\/div><\/div><\/div><\/div><\/div><!-- Row Backgrounds --><div class=\"upb_color\" data-bg-override=\"0\" data-bg-color=\"#e24200\" data-fadeout=\"\" data-fadeout-percentage=\"30\" data-parallax-content=\"\" data-parallax-content-sense=\"30\" data-row-effect-mobile-disable=\"true\" data-img-parallax-mobile-disable=\"true\" data-rtl=\"false\"  data-custom-vc-row=\"\"  data-vc=\"4.7\"  data-theme-support=\"\"   data-overlay=\"false\" data-overlay-color=\"\" data-overlay-pattern=\"\" data-overlay-pattern-opacity=\"\" data-overlay-pattern-size=\"\"    ><\/div><div id=\"waswirtun\" class=\"vc_row wpb_row vc_row-fluid no-margin vc_custom_1442835096253\" ><div class=\"wpb_column vc_column_container vc_col-sm-12\"><div class=\"wpb_wrapper\"><div class=\"vc_row wpb_row vc_inner vc_row-fluid\"><div class=\"wpb_column vc_column_container vc_col-sm-12\" ><div class=\"wpb_wrapper\"><h2 style=\"font-size: 60px;color: #1c1c1b;text-align: left;font-family:Montserrat;font-weight:700;font-style:normal\" class=\"vc_custom_heading\">Was wir tun<\/h2><h3 style=\"font-size: 25px;color: #e24200;text-align: left;font-family:Montserrat;font-weight:400;font-style:normal\" class=\"vc_custom_heading\">Wir gew\u00e4hren Vertrauen.<\/h3><div style=\"clear:both; width:100%; height:40px\"><\/div>\n\t<div class=\"wpb_text_column wpb_content_element \">\n\t\t<div class=\"wpb_wrapper\">\n\t\t\t<p>Die ING 3 wurde von uns 3 Ingenieuren mit unterschiedlicher Erfahrung und Interessensgebieten gegr\u00fcndet. Was uns antreibt ist der Spa\u00df am Unternehmerischen: erkennen, welche Unternehmen Potenzial haben, Prozesse optimieren und &#8211; trotz fairer, von Respekt gepr\u00e4gten Arbeitsbedingungen &#8211; nachhaltig erfolgreich sein.<\/p>\n<p>Wir investieren nur in Unternehmerinnen und Unternehmer an die wir glauben. Weil sie nicht nur besondere (Produkt-) Ideen haben, sondern auch <strong>f\u00fcr den Erfolg brennen<\/strong>. Wir stellen ihnen Kapital und\/oder Know-How zur Verf\u00fcgung. \u00dcber einen begrenzten Zeitraum oder f\u00fcr eine langfristige Beteiligung.<\/p>\n<p>Nat\u00fcrlich wollen wir mit unserem Engagement Geld verdienen. Dennoch ist es uns ein wichtiges Anliegen Unternehmen, Produkte und Ideen nachhaltig zu entwickeln: <strong>Organisches Wachstum statt k\u00fcnstlicher Blasen.<\/strong><\/p>\n<p>Wir achten auf einen sorgsamen Umgang mit den Menschen, mit denen wir zusammenarbeiten. Wir kommunizieren auf Augenh\u00f6he und sehen uns als Teil des Teams. <strong>Ein respektvoller Umgang mit unseren Ressourcen ist die Voraussetzung f\u00fcr langfristigen Erfolg.<\/strong> Wenn Sie diese Werte mit uns teilen, freuen wir uns auf Sie und Ihr Projekt.<\/p>\n\n\t\t<\/div>\n\t<\/div>\n<\/div><\/div><\/div><\/div><\/div><\/div><div id=\"werwirsind\" class=\"vc_row wpb_row vc_row-fluid no-margin vc_custom_1442837879329\" ><div class=\"wpb_column vc_column_container vc_col-sm-12\"><div class=\"wpb_wrapper\"><div class=\"vc_row wpb_row vc_inner vc_row-fluid\"><div class=\"wpb_column vc_column_container vc_col-sm-12\" ><div class=\"wpb_wrapper\"><h2 style=\"font-size: 60px;color: #1c1c1b;text-align: left;font-family:Montserrat;font-weight:700;font-style:normal\" class=\"vc_custom_heading\">Wer wir sind<\/h2><h3 style=\"font-size: 25px;color: #e24200;text-align: left;font-family:Montserrat;font-weight:400;font-style:normal\" class=\"vc_custom_heading\">Drei Freunde, ein Ziel<\/h3><div style=\"clear:both; width:100%; height:15px\"><\/div><\/div><\/div><\/div><div class=\"vc_row wpb_row vc_inner vc_row-fluid\"><div class=\"wpb_column vc_column_container vc_col-sm-4 wow fadeInUp\" data-wow-delay=\"0.5s\"><div class=\"wpb_wrapper\">\n\t<div class=\"wpb_single_image wpb_content_element vc_align_left\">\n\t\t<div class=\"wpb_wrapper\">\n\t\t\t\n\t\t\t<div class=\"vc_single_image-wrapper   vc_box_border_grey\"><img loading=\"lazy\" decoding=\"async\" width=\"336\" height=\"437\" src=\"https:\/\/www.ing3.at\/wp-content\/uploads\/Martin_orange.jpg\" class=\"vc_single_image-img attachment-full\" alt=\"\" srcset=\"https:\/\/www.ing3.at\/wp-content\/uploads\/Martin_orange.jpg 336w, https:\/\/www.ing3.at\/wp-content\/uploads\/Martin_orange-231x300.jpg 231w\" sizes=\"(max-width: 336px) 100vw, 336px\" \/><\/div>\n\t\t<\/div>\n\t<\/div>\n<h4 style=\"font-size: 25px;color: #1c1c1b;text-align: left;font-family:Montserrat;font-weight:700;font-style:normal\" class=\"vc_custom_heading img_before\"><a href=\"https:\/\/www.ing3.at\/?page_id=762\/\" target=\" _blank\" title=\"Erfahren Sie mehr \u00fcber Ingenieur Martin Lehmann\">Martin Lehmann<\/a><\/h4><\/div><\/div><div class=\"wpb_column vc_column_container vc_col-sm-4 wow fadeInUp\" data-wow-delay=\"1s\"><div class=\"wpb_wrapper\">\n\t<div class=\"wpb_single_image wpb_content_element vc_align_left\">\n\t\t<div class=\"wpb_wrapper\">\n\t\t\t\n\t\t\t<div class=\"vc_single_image-wrapper   vc_box_border_grey\"><img loading=\"lazy\" decoding=\"async\" width=\"336\" height=\"439\" src=\"https:\/\/www.ing3.at\/wp-content\/uploads\/Reinhard_orange.jpg\" class=\"vc_single_image-img attachment-full\" alt=\"\" srcset=\"https:\/\/www.ing3.at\/wp-content\/uploads\/Reinhard_orange.jpg 336w, https:\/\/www.ing3.at\/wp-content\/uploads\/Reinhard_orange-230x300.jpg 230w\" sizes=\"(max-width: 336px) 100vw, 336px\" \/><\/div>\n\t\t<\/div>\n\t<\/div>\n<h4 style=\"font-size: 25px;color: #1c1c1b;text-align: left;font-family:Montserrat;font-weight:700;font-style:normal\" class=\"vc_custom_heading img_before\"><a href=\"https:\/\/www.ing3.at\/?page_id=769\/\" target=\" _blank\" title=\"Mehr Infos \u00fcber Ingenieur Reinhard Schwarz\">Reinhard Schwarz<\/a><\/h4><\/div><\/div><div class=\"wpb_column vc_column_container vc_col-sm-4 wow fadeInUp\" data-wow-delay=\"1.5s\"><div class=\"wpb_wrapper\">\n\t<div class=\"wpb_single_image wpb_content_element vc_align_left\">\n\t\t<div class=\"wpb_wrapper\">\n\t\t\t\n\t\t\t<div class=\"vc_single_image-wrapper   vc_box_border_grey\"><img loading=\"lazy\" decoding=\"async\" width=\"336\" height=\"437\" src=\"https:\/\/www.ing3.at\/wp-content\/uploads\/Fleck_orange.jpg\" class=\"vc_single_image-img attachment-full\" alt=\"\" srcset=\"https:\/\/www.ing3.at\/wp-content\/uploads\/Fleck_orange.jpg 336w, https:\/\/www.ing3.at\/wp-content\/uploads\/Fleck_orange-231x300.jpg 231w\" sizes=\"(max-width: 336px) 100vw, 336px\" \/><\/div>\n\t\t<\/div>\n\t<\/div>\n<h4 style=\"font-size: 25px;color: #1c1c1b;text-align: left;font-family:Montserrat;font-weight:700;font-style:normal\" class=\"vc_custom_heading img_before\"><a href=\"https:\/\/www.ing3.at\/?page_id=772\/\" target=\" _blank\" title=\"Mehr Infos \u00fcber Ingenieur Andreas Fleck\">Andreas Fleck<\/a><\/h4><\/div><\/div><\/div><\/div><\/div><\/div><div id=\"portfolio\" class=\"vc_row wpb_row vc_row-fluid no-margin vc_custom_1442837892611\" ><div class=\"wpb_column vc_column_container vc_col-sm-12\"><div class=\"wpb_wrapper\"><div class=\"vc_row wpb_row vc_inner vc_row-fluid\"><div class=\"wpb_column vc_column_container vc_col-sm-12\" ><div class=\"wpb_wrapper\"><h2 style=\"font-size: 60px;color: #ffffff;text-align: left;font-family:Montserrat;font-weight:700;font-style:normal\" class=\"vc_custom_heading\">Portfolio<\/h2><h3 style=\"font-size: 25px;color: #e24200;text-align: left;font-family:Montserrat;font-weight:400;font-style:normal\" class=\"vc_custom_heading\">Denken, machen, \u00fcberdenken<\/h3><div style=\"clear:both; width:100%; height:60px\"><\/div><\/div><\/div><\/div><div class=\"vc_row wpb_row vc_inner vc_row-fluid\"><div class=\"wpb_column vc_column_container vc_col-sm-4 wow fadeInUp vc_custom_1443538285130\" data-wow-delay=\"0,5s\"><div class=\"wpb_wrapper\">\n\t<div class=\"wpb_single_image wpb_content_element vc_align_center\">\n\t\t<div class=\"wpb_wrapper\">\n\t\t\t\n\t\t\t<div class=\"vc_single_image-wrapper   vc_box_border_grey\"><img loading=\"lazy\" decoding=\"async\" width=\"209\" height=\"166\" src=\"https:\/\/www.ing3.at\/wp-content\/uploads\/wabe-neu-e1445239440700.png\" class=\"vc_single_image-img attachment-full\" alt=\"\" \/><\/div>\n\t\t<\/div>\n\t<\/div>\n<h2 style=\"font-size: 30px;color: #e24200;text-align: left;font-family:Montserrat;font-weight:700;font-style:normal\" class=\"vc_custom_heading vc_custom_1443001709265\">Beteiligungen<\/h2>\n\t<div class=\"wpb_text_column wpb_content_element \">\n\t\t<div class=\"wpb_wrapper\">\n\t\t\t<p><span style=\"color: white;\"> Wir haben stets unsere Augen und Ohren f\u00fcr interessante Unternehmen offen. Das k\u00f6nnen Startups, bestehende Betriebe mit Erweiterungspl\u00e4nen, Unternehmen mit Nachfolgerbedarf, sowie hilfs- oder sanierungsbed\u00fcrftige Unternehmen sein. <\/span><\/p>\n\n\t\t<\/div>\n\t<\/div>\n\n\t<div class=\"wpb_text_column wpb_content_element \">\n\t\t<div class=\"wpb_wrapper\">\n\t\t\t<p><a class=\"img_before\" href=\"https:\/\/www.ing3.at\/?page_id=825\">Mehr erfahren<\/a><\/p>\n\n\t\t<\/div>\n\t<\/div>\n<\/div><\/div><div class=\"wpb_column vc_column_container vc_col-sm-4 wow fadeInUp\" data-wow-delay=\"1s\"><div class=\"wpb_wrapper\">\n\t<div class=\"wpb_single_image wpb_content_element vc_align_center\">\n\t\t<div class=\"wpb_wrapper\">\n\t\t\t\n\t\t\t<div class=\"vc_single_image-wrapper   vc_box_border_grey\"><img loading=\"lazy\" decoding=\"async\" width=\"209\" height=\"184\" src=\"https:\/\/www.ing3.at\/wp-content\/uploads\/Produktion_Handel.png\" class=\"vc_single_image-img attachment-full\" alt=\"\" \/><\/div>\n\t\t<\/div>\n\t<\/div>\n<div style=\"clear:both; width:100%; height:29px\"><\/div><h2 style=\"font-size: 30px;color: #e24200;text-align: left;font-family:Montserrat;font-weight:700;font-style:normal\" class=\"vc_custom_heading\">Produktion &amp; Handel<\/h2>\n\t<div class=\"wpb_text_column wpb_content_element \">\n\t\t<div class=\"wpb_wrapper\">\n\t\t\t<p><span style=\"color: white;\">Unser Background ist vom Handelsge-<br \/>\nsch\u00e4ft gepr\u00e4gt \u2013 wenn auch in verschiedenen Bereichen. Unser Bed\u00fcrfnis nach zus\u00e4tzlicher Wertsch\u00f6pfung und \u201eetwas schaffen zu wollen\u201c, hat uns zunehmend in Richtung Produktion blicken lassen. <\/span><\/p>\n\n\t\t<\/div>\n\t<\/div>\n\n\t<div class=\"wpb_text_column wpb_content_element \">\n\t\t<div class=\"wpb_wrapper\">\n\t\t\t<p><a class=\"img_before\" href=\"https:\/\/www.ing3.at\/?page_id=833\">Mehr erfahren<\/a><\/p>\n\n\t\t<\/div>\n\t<\/div>\n<\/div><\/div><div class=\"wpb_column vc_column_container vc_col-sm-4 wow fadeInUp\" data-wow-delay=\"1.5s\"><div class=\"wpb_wrapper\">\n\t<div class=\"wpb_single_image wpb_content_element vc_align_center\">\n\t\t<div class=\"wpb_wrapper\">\n\t\t\t\n\t\t\t<div class=\"vc_single_image-wrapper   vc_box_border_grey\"><img loading=\"lazy\" decoding=\"async\" width=\"135\" height=\"218\" src=\"https:\/\/www.ing3.at\/wp-content\/uploads\/Organisationsberatung.png\" class=\"vc_single_image-img attachment-full\" alt=\"\" \/><\/div>\n\t\t<\/div>\n\t<\/div>\n<h2 style=\"font-size: 30px;color: #e24200;text-align: left;font-family:Montserrat;font-weight:700;font-style:normal\" class=\"vc_custom_heading\">Organisations-<br \/>\nberatung<\/h2>\n\t<div class=\"wpb_text_column wpb_content_element \">\n\t\t<div class=\"wpb_wrapper\">\n\t\t\t<p><span style=\"color: white;\">Wir kennen die H\u00f6hen und Tiefen ebenso wie die T\u00fccken des Gesch\u00e4ftslebens, insbesonders wenn ein Unternehmen in eine Krise schlittert. <\/span><\/p>\n\n\t\t<\/div>\n\t<\/div>\n\n\t<div class=\"wpb_text_column wpb_content_element \">\n\t\t<div class=\"wpb_wrapper\">\n\t\t\t<p><a class=\"img_before\" href=\"https:\/\/www.ing3.at\/?page_id=835\">Mehr erfahren<\/a><\/p>\n\n\t\t<\/div>\n\t<\/div>\n<\/div><\/div><\/div><\/div><\/div><\/div><!-- Row Backgrounds --><div class=\"upb_color\" data-bg-override=\"0\" data-bg-color=\"#1c1c1b\" data-fadeout=\"\" data-fadeout-percentage=\"30\" data-parallax-content=\"\" data-parallax-content-sense=\"30\" data-row-effect-mobile-disable=\"true\" data-img-parallax-mobile-disable=\"true\" data-rtl=\"false\"  data-custom-vc-row=\"\"  data-vc=\"4.7\"  data-theme-support=\"\"   data-overlay=\"false\" data-overlay-color=\"\" data-overlay-pattern=\"\" data-overlay-pattern-opacity=\"\" data-overlay-pattern-size=\"\"    ><\/div><div id=\"figurec\" class=\"vc_row wpb_row vc_row-fluid no-margin vc_custom_1443535094474\" ><div class=\"wpb_column vc_column_container vc_col-sm-12\"><div class=\"wpb_wrapper\"><div class=\"vc_row wpb_row vc_inner vc_row-fluid\"><div class=\"wpb_column vc_column_container vc_col-sm-12\" ><div class=\"wpb_wrapper\">\n\t<div class=\"wpb_text_column wpb_content_element  vc_custom_1443190168782\">\n\t\t<div class=\"wpb_wrapper\">\n\t\t\t<h2 class=\"vc_custom_heading\" style=\"font-size: 60px; color: #1c1c1b; text-align: left; font-family: Montserrat; font-weight: bold; font-style: normal;\">Figure C<sup>TM<\/sup><\/h2>\n\n\t\t<\/div>\n\t<\/div>\n<h3 style=\"font-size: 25px;color: #e24200;text-align: left;font-family:Montserrat;font-weight:400;font-style:normal\" class=\"vc_custom_heading\">Hier w\u00e4re eine Unterzeile fein<\/h3><div style=\"clear:both; width:100%; height:30px\"><\/div><\/div><\/div><\/div><div class=\"vc_tta-container\" data-vc-action=\"collapse\"><div class=\"vc_general vc_tta vc_tta-tabs vc_tta-color-grey vc_tta-style-classic vc_tta-shape-square vc_tta-spacing-1 vc_row wpb_row vc_inner vc_row-fluid vc_tta-o-no-fill vc_tta-tabs-position-top vc_tta-controls-align-left vc_custom_1443191107865 vc_row wpb_row vc_inner vc_row-fluid\"><div class=\"vc_tta-tabs-container\"><ul class=\"vc_tta-tabs-list\"><li class=\"vc_tta-tab vc_active\" data-vc-tab><a href=\"#1442824308497-c8e67109-3f23\" data-vc-tabs data-vc-container=\".vc_tta\"><span class=\"vc_tta-title-text\">Das Produkt<\/span><\/a><\/li><li class=\"vc_tta-tab\" data-vc-tab><a href=\"#1442824308820-b2e86997-da1a\" data-vc-tabs data-vc-container=\".vc_tta\"><span class=\"vc_tta-title-text\">Technische Spezifikationen<\/span><\/a><\/li><li class=\"vc_tta-tab\" data-vc-tab><a href=\"#1442824706918-b23f0929-56a8\" data-vc-tabs data-vc-container=\".vc_tta\"><span class=\"vc_tta-title-text\">Downloads<\/span><\/a><\/li><li class=\"vc_tta-tab\" data-vc-tab><a href=\"#1442824738344-cf8c9e65-e67f\" data-vc-tabs data-vc-container=\".vc_tta\"><span class=\"vc_tta-title-text\">Produkt kaufen<\/span><\/a><\/li><\/ul><\/div><div class=\"vc_tta-panels-container\"><div class=\"vc_tta-panels\"><div class=\"vc_tta-panel vc_active\" id=\"1442824308497-c8e67109-3f23\" data-vc-content=\".vc_tta-panel-body\"><div class=\"vc_tta-panel-heading\"><h4 class=\"vc_tta-panel-title\"><a href=\"#1442824308497-c8e67109-3f23\" data-vc-accordion data-vc-container=\".vc_tta-container\"><span class=\"vc_tta-title-text\">Das Produkt<\/span><\/a><\/h4><\/div><div class=\"vc_tta-panel-body\"><div class=\"vc_row wpb_row vc_inner vc_row-fluid\"><div class=\"wpb_column vc_column_container vc_col-sm-4 wow fadeInLeft\" data-wow-delay=\"0.5s\"><div class=\"wpb_wrapper\"><h2 style=\"font-size: 30px;color: #1c1c1b;text-align: left;font-family:Montserrat;font-weight:700;font-style:normal\" class=\"vc_custom_heading\">Das Produkt<\/h2>\n\t<div class=\"wpb_text_column wpb_content_element \">\n\t\t<div class=\"wpb_wrapper\">\n\t\t\t<p>Weit hinten, hinter den Wortbergen, fern der L\u00e4nder Vokalien und Konsonantien leben die Blindtexte. Abgeschieden wohnen sie in Buchstabhausen an der K\u00fcste des Semantik, eines gro\u00dfen Sprachozeans. Ein kleines B\u00e4chlein namens Duden flie\u00dft durch ihren Ort und versorgt sie mit den n\u00f6tigen Regelialien. Es ist ein paradiesmatisches Land, in dem einem gebratene Satzteile in den Mund fliegen.<\/p>\n\n\t\t<\/div>\n\t<\/div>\n<div style=\"clear:both; width:100%; height:60px\"><\/div><\/div><\/div><div class=\"wpb_column vc_column_container vc_col-sm-8 wow fadeInRight\" data-wow-delay=\"1s\"><div class=\"wpb_wrapper\">\n\t<div class=\"wpb_single_image wpb_content_element vc_align_left\">\n\t\t<div class=\"wpb_wrapper\">\n\t\t\t\n\t\t\t<div class=\"vc_single_image-wrapper   vc_box_border_grey\"><img loading=\"lazy\" decoding=\"async\" width=\"548\" height=\"389\" src=\"https:\/\/www.ing3.at\/wp-content\/uploads\/Firgur_C.png\" class=\"vc_single_image-img attachment-full\" alt=\"\" srcset=\"https:\/\/www.ing3.at\/wp-content\/uploads\/Firgur_C.png 548w, https:\/\/www.ing3.at\/wp-content\/uploads\/Firgur_C-300x213.png 300w\" sizes=\"(max-width: 548px) 100vw, 548px\" \/><\/div>\n\t\t<\/div>\n\t<\/div>\n<\/div><\/div><\/div><\/div><\/div><div class=\"vc_tta-panel\" id=\"1442824308820-b2e86997-da1a\" data-vc-content=\".vc_tta-panel-body\"><div class=\"vc_tta-panel-heading\"><h4 class=\"vc_tta-panel-title\"><a href=\"#1442824308820-b2e86997-da1a\" data-vc-accordion data-vc-container=\".vc_tta-container\"><span class=\"vc_tta-title-text\">Technische Spezifikationen<\/span><\/a><\/h4><\/div><div class=\"vc_tta-panel-body\"><\/div><\/div><div class=\"vc_tta-panel\" id=\"1442824706918-b23f0929-56a8\" data-vc-content=\".vc_tta-panel-body\"><div class=\"vc_tta-panel-heading\"><h4 class=\"vc_tta-panel-title\"><a href=\"#1442824706918-b23f0929-56a8\" data-vc-accordion data-vc-container=\".vc_tta-container\"><span class=\"vc_tta-title-text\">Downloads<\/span><\/a><\/h4><\/div><div class=\"vc_tta-panel-body\"><\/div><\/div><div class=\"vc_tta-panel\" id=\"1442824738344-cf8c9e65-e67f\" data-vc-content=\".vc_tta-panel-body\"><div class=\"vc_tta-panel-heading\"><h4 class=\"vc_tta-panel-title\"><a href=\"#1442824738344-cf8c9e65-e67f\" data-vc-accordion data-vc-container=\".vc_tta-container\"><span class=\"vc_tta-title-text\">Produkt kaufen<\/span><\/a><\/h4><\/div><div class=\"vc_tta-panel-body\"><\/div><\/div><\/div><\/div><\/div><\/div><\/div><\/div><\/div><!-- Row Backgrounds --><div class=\"upb_color\" data-bg-override=\"0\" data-bg-color=\"\" data-fadeout=\"\" data-fadeout-percentage=\"30\" data-parallax-content=\"\" data-parallax-content-sense=\"30\" data-row-effect-mobile-disable=\"true\" data-img-parallax-mobile-disable=\"true\" data-rtl=\"false\"  data-custom-vc-row=\"\"  data-vc=\"4.7\"  data-theme-support=\"\"   data-overlay=\"false\" data-overlay-color=\"\" data-overlay-pattern=\"\" data-overlay-pattern-opacity=\"\" data-overlay-pattern-size=\"\"     data-hide-row=\" uvc_hidden-lg  uvc_hidden-ml  uvc_hidden-md  uvc_hidden-sm  uvc_hidden-xs  uvc_hidden-xsl \" ><\/div><div id=\"kontaktneu\" data-vc-parallax=\"1.5\" style=\"background-color: rgba(226, 66, 0, 1);\" data-vc-parallax-image=\"\" class=\"vc_row wpb_row vc_row-fluid no-margin vc_custom_1443192094405 vc_general vc_parallax vc_parallax-content-moving darker-overlay\" ><div class=\"wpb_column vc_column_container vc_col-sm-12\"><div class=\"wpb_wrapper\"><div class=\"vc_row wpb_row vc_inner vc_row-fluid\"><div class=\"wpb_column vc_column_container vc_col-sm-6 wow fadeInLeft\" data-wow-delay=\"0.3s\"><div class=\"wpb_wrapper\"><h2 style=\"font-size: 60px;color: #1c1c1b;text-align: left;font-family:Montserrat;font-weight:700;font-style:normal\" class=\"vc_custom_heading\">Kontakt<\/h2><h2 style=\"font-size: 25px;color: #ffffff;text-align: left;font-family:Montserrat;font-weight:400;font-style:normal\" class=\"vc_custom_heading\">Wir freuen uns auf spannende Projekte!<\/h2><div style=\"clear:both; width:100%; height:60px\"><\/div><\/div><\/div><\/div><div class=\"vc_row wpb_row vc_inner vc_row-fluid 1\"><div class=\"wpb_column vc_column_container vc_col-sm-6 wow fadeInLeft\" data-wow-delay=\"0.5s\"><div class=\"wpb_wrapper\"><h2 style=\"font-size: 30px;color: #1c1c1b;text-align: left;font-family:Montserrat;font-weight:700;font-style:normal\" class=\"vc_custom_heading\">ING 3 Beteiligungs GmbH<\/h2>\n\t<div class=\"wpb_text_column wpb_content_element \">\n\t\t<div class=\"wpb_wrapper\">\n\t\t\t<p>Loudonstra\u00dfe 25b<br \/>\nA-1140 Vienna<\/p>\n<p>Tel.: +43 676 834 99 513<\/p>\n<p><a class=\"img_before\"> <strong>office(at)ing3.at<\/strong> <\/a><\/p>\n<p><a class=\"img_before\" href=\"https:\/\/www.ing3.at\/?page_id=697\"><strong>Impressum<\/strong><\/a><\/p>\n\n\t\t<\/div>\n\t<\/div>\n<\/div><\/div><div class=\"wpb_column vc_column_container vc_col-sm-6 wow fadeInRight\" data-wow-delay=\"1s\"><div class=\"wpb_wrapper\"><div role=\"form\" class=\"wpcf7\" id=\"wpcf7-f69-o1\" lang=\"en-US\" dir=\"ltr\">\n<div class=\"screen-reader-response\"><\/div>\n<form action=\"\/index.php?rest_route=%2Fwp%2Fv2%2Fpages%2F82#wpcf7-f69-o1\" method=\"post\" class=\"wpcf7-form\" novalidate=\"novalidate\">\n<div style=\"display: none;\">\n<input type=\"hidden\" name=\"_wpcf7\" value=\"69\" \/>\n<input type=\"hidden\" name=\"_wpcf7_version\" value=\"4.6\" \/>\n<input type=\"hidden\" name=\"_wpcf7_locale\" value=\"en_US\" \/>\n<input type=\"hidden\" name=\"_wpcf7_unit_tag\" value=\"wpcf7-f69-o1\" \/>\n<input type=\"hidden\" name=\"_wpnonce\" value=\"d480d45a90\" \/>\n<\/div>\n<div class=\"percent-one-half\"> <br \/>\n<span class=\"wpcf7-form-control-wrap your-name\"><input type=\"text\" name=\"your-name\" value=\"\" size=\"40\" class=\"wpcf7-form-control wpcf7-text wpcf7-validates-as-required\" aria-required=\"true\" aria-invalid=\"false\" placeholder=\"Name\" \/><\/span><br \/>\n<\/div><br \/>\n<div class=\"percent-one-half column-last\"> <br \/>\n<span class=\"wpcf7-form-control-wrap your-email\"><input type=\"email\" name=\"your-email\" value=\"\" size=\"40\" class=\"wpcf7-form-control wpcf7-text wpcf7-email wpcf7-validates-as-required wpcf7-validates-as-email\" aria-required=\"true\" aria-invalid=\"false\" placeholder=\"E-Mail-Adresse\" \/><\/span><br \/>\n<\/div><br \/>\n<span class=\"wpcf7-form-control-wrap your-subject\"><input type=\"text\" name=\"your-subject\" value=\"\" size=\"40\" class=\"wpcf7-form-control wpcf7-text wpcf7-validates-as-required\" aria-required=\"true\" aria-invalid=\"false\" placeholder=\"Betreff\" \/><\/span><br \/>\n<span class=\"wpcf7-form-control-wrap your-message\"><textarea name=\"your-message\" cols=\"40\" rows=\"10\" class=\"wpcf7-form-control wpcf7-textarea wpcf7-validates-as-required\" aria-required=\"true\" aria-invalid=\"false\" placeholder=\"Ihre Nachricht\"><\/textarea><\/span><br \/>\n<span class=\"wpcf7-form-control-wrap checkbox-datenschutz\"><span class=\"wpcf7-form-control wpcf7-checkbox wpcf7-validates-as-required\"><span class=\"wpcf7-list-item first last\"><input type=\"checkbox\" name=\"checkbox-datenschutz[]\" value=\"Ich stimme zu, dass meine Angaben aus dem Kontaktformular zur Beantwortung meiner Anfrage erhoben und verarbeitet werden. Die Daten werden sp\u00e4testens ein Jahr nach abgeschlossener Bearbeitung Ihrer Anfrage gel\u00f6scht. Hinweis: Sie k\u00f6nnen Ihre Einwilligung jederzeit f\u00fcr die Zukunft per E-Mail an office(at)ing3.at widerrufen. Details in unserer Datenschutzerkl\u00e4rung.\" \/><span class=\"wpcf7-list-item-label\">Ich stimme zu, dass meine Angaben aus dem Kontaktformular zur Beantwortung meiner Anfrage erhoben und verarbeitet werden. Die Daten werden sp\u00e4testens ein Jahr nach abgeschlossener Bearbeitung Ihrer Anfrage gel\u00f6scht. Hinweis: Sie k\u00f6nnen Ihre Einwilligung jederzeit f\u00fcr die Zukunft per E-Mail an office(at)ing3.at widerrufen. Details in unserer Datenschutzerkl\u00e4rung.<\/span><\/span><\/span><\/span><\/p>\n<p><input type=\"submit\" value=\"Senden\" class=\"wpcf7-form-control wpcf7-submit dt-button black alt\" \/><\/p>\n<div class=\"wpcf7-response-output wpcf7-display-none\"><\/div><\/form><\/div><\/div><\/div><\/div><\/div><\/div><\/div>\n","protected":false},"excerpt":{"rendered":"BewertenBeratenBegleitenWir investieren in Unternehmerinnen und Unternehmer an die wir glauben.Was wir tunWir gew\u00e4hren Vertrauen. Die ING 3 wurde von uns 3 Ingenieuren mit unterschiedlicher Erfahrung...<p class=\"readmore\"><a class=\"more-btn\" href=\"https:\/\/www.ing3.at\/\">Read More<\/a><\/p>","protected":false},"author":1,"featured_media":0,"parent":0,"menu_order":0,"comment_status":"open","ping_status":"open","template":"template-homepage.php","meta":{"footnotes":""},"_links":{"self":[{"href":"https:\/\/www.ing3.at\/index.php?rest_route=\/wp\/v2\/pages\/82"}],"collection":[{"href":"https:\/\/www.ing3.at\/index.php?rest_route=\/wp\/v2\/pages"}],"about":[{"href":"https:\/\/www.ing3.at\/index.php?rest_route=\/wp\/v2\/types\/page"}],"author":[{"embeddable":true,"href":"https:\/\/www.ing3.at\/index.php?rest_route=\/wp\/v2\/users\/1"}],"replies":[{"embeddable":true,"href":"https:\/\/www.ing3.at\/index.php?rest_route=%2Fwp%2Fv2%2Fcomments&post=82"}],"version-history":[{"count":210,"href":"https:\/\/www.ing3.at\/index.php?rest_route=\/wp\/v2\/pages\/82\/revisions"}],"predecessor-version":[{"id":1019,"href":"https:\/\/www.ing3.at\/index.php?rest_route=\/wp\/v2\/pages\/82\/revisions\/1019"}],"wp:attachment":[{"href":"https:\/\/www.ing3.at\/index.php?rest_route=%2Fwp%2Fv2%2Fmedia&parent=82"}],"curies":[{"name":"wp","href":"https:\/\/api.w.org\/{rel}","templated":true}]}}