{"id":772,"date":"2015-09-29T16:45:48","date_gmt":"2015-09-29T14:45:48","guid":{"rendered":"https:\/\/www.ing3.at\/?page_id=772"},"modified":"2015-12-21T13:32:52","modified_gmt":"2015-12-21T12:32:52","slug":"andreas-fleck","status":"publish","type":"page","link":"https:\/\/www.ing3.at\/?page_id=772","title":{"rendered":"Andreas Fleck"},"content":{"rendered":"<div class=\"vc_row wpb_row vc_row-fluid\" ><div class=\"wpb_column vc_column_container vc_col-sm-12\"><div class=\"wpb_wrapper\"><div class=\"vc_row wpb_row vc_inner vc_row-fluid\"><div class=\"wpb_column vc_column_container vc_col-sm-8 wow fadeInLeft\" data-wow-delay=\"0.5s\"><div class=\"wpb_wrapper\"><h2 style=\"font-size: 25px;color: #e24200;text-align: left;font-family:Montserrat;font-weight:700;font-style:normal\" class=\"vc_custom_heading\">Der Vertriebsprofi<\/h2>\n\t<div class=\"wpb_text_column wpb_content_element \">\n\t\t<div class=\"wpb_wrapper\">\n\t\t\t<p>Ich bin ausgebildeter Elektrotechnik-Ingenieur. Bei Gebauer &amp; Griller gab es erste Ber\u00fchrungen mit Glasfasertechnik und Aufbau einer Montageabteilung. Ab 1997 war ich in der Planung, Projektierung und Vertrieb von lokalen -und Weitverkehrsnetzen f\u00fcr Schrack Seconet t\u00e4tig. Bei Raychem bzw. Tyco Electronics war ich von 1999 bis 2009 als Vertriebsleiter \u00d6sterreich f\u00fcr Weitverkehrsprodukte im Kupfer und Glasfaserbereich zust\u00e4ndig und ab 2004 zus\u00e4tzlich f\u00fcr die internationale Vertriebsleitung f\u00fcr Slowenien, Kroatien, Bosnien Herzegowina und Ungarn. Seit nunmehr 6 Jahren bin ich selbst\u00e4ndig in der Distribution von passiven Produkten zur Errichtung von Weitverkehrsnetzen. Seit 2013 halte ich Beteiligungen an Unternehmen im Telekommunikationsumfeld.<\/p>\n<p>Meine St\u00e4rken liegen im Vertrieb und der gemeinsamen Erarbeitung von kundenspezifischen, technischen L\u00f6sungen im Telekommunikationsbereich. Die vertrauensvolle und faire Zusammenarbeit sowohl mit Partnern als auch mit Kollegen und Kunden liegen mir am Herzen. Ebenso wie die gepflegte Kunst des M\u00fc\u00dfigganges und der gute Rotwein.<\/p>\n\n\t\t<\/div>\n\t<\/div>\n<\/div><\/div><div class=\"wpb_column vc_column_container vc_col-sm-4 wow fadeInRight\" data-wow-delay=\"1s\"><div class=\"wpb_wrapper\">\n\t<div class=\"wpb_single_image wpb_content_element vc_align_center\">\n\t\t<div class=\"wpb_wrapper\">\n\t\t\t\n\t\t\t<div class=\"vc_single_image-wrapper   vc_box_border_grey\"><img loading=\"lazy\" decoding=\"async\" width=\"637\" height=\"865\" src=\"https:\/\/www.ing3.at\/wp-content\/uploads\/Fleck_orange_637_865.jpg\" class=\"vc_single_image-img attachment-full\" alt=\"\" srcset=\"https:\/\/www.ing3.at\/wp-content\/uploads\/Fleck_orange_637_865.jpg 637w, https:\/\/www.ing3.at\/wp-content\/uploads\/Fleck_orange_637_865-221x300.jpg 221w\" sizes=\"(max-width: 637px) 100vw, 637px\" \/><\/div>\n\t\t<\/div>\n\t<\/div>\n<\/div><\/div><\/div><\/div><\/div><\/div>\n","protected":false},"excerpt":{"rendered":"Der Vertriebsprofi Ich bin ausgebildeter Elektrotechnik-Ingenieur. Bei Gebauer &amp; Griller gab es erste Ber\u00fchrungen mit Glasfasertechnik und Aufbau einer Montageabteilung. Ab 1997 war ich in...<p class=\"readmore\"><a class=\"more-btn\" href=\"https:\/\/www.ing3.at\/?page_id=772\">Read More<\/a><\/p>","protected":false},"author":1,"featured_media":0,"parent":0,"menu_order":0,"comment_status":"closed","ping_status":"closed","template":"","meta":{"footnotes":""},"_links":{"self":[{"href":"https:\/\/www.ing3.at\/index.php?rest_route=\/wp\/v2\/pages\/772"}],"collection":[{"href":"https:\/\/www.ing3.at\/index.php?rest_route=\/wp\/v2\/pages"}],"about":[{"href":"https:\/\/www.ing3.at\/index.php?rest_route=\/wp\/v2\/types\/page"}],"author":[{"embeddable":true,"href":"https:\/\/www.ing3.at\/index.php?rest_route=\/wp\/v2\/users\/1"}],"replies":[{"embeddable":true,"href":"https:\/\/www.ing3.at\/index.php?rest_route=%2Fwp%2Fv2%2Fcomments&post=772"}],"version-history":[{"count":15,"href":"https:\/\/www.ing3.at\/index.php?rest_route=\/wp\/v2\/pages\/772\/revisions"}],"predecessor-version":[{"id":927,"href":"https:\/\/www.ing3.at\/index.php?rest_route=\/wp\/v2\/pages\/772\/revisions\/927"}],"wp:attachment":[{"href":"https:\/\/www.ing3.at\/index.php?rest_route=%2Fwp%2Fv2%2Fmedia&parent=772"}],"curies":[{"name":"wp","href":"https:\/\/api.w.org\/{rel}","templated":true}]}}